{"id":189,"date":"2025-12-18T11:36:43","date_gmt":"2025-12-18T09:36:43","guid":{"rendered":"https:\/\/loyola.co.za\/salvationarmy\/?page_id=189"},"modified":"2026-02-12T11:12:39","modified_gmt":"2026-02-12T09:12:39","slug":"desenvolvimento-comunitario","status":"publish","type":"page","link":"https:\/\/loyola.co.za\/salvationarmy-moz\/desenvolvimento-comunitario\/","title":{"rendered":"Desenvolvimento comunit\u00e1rio"},"content":{"rendered":"<p>[et_pb_section fb_built=&#8221;1&#8243; _builder_version=&#8221;4.27.5&#8243; _module_preset=&#8221;default&#8221; background_color=&#8221;#ededed&#8221; custom_padding=&#8221;16px|5%|13px|5%|false|true&#8221; locked=&#8221;off&#8221; global_colors_info=&#8221;{}&#8221;][et_pb_row use_custom_gutter=&#8221;on&#8221; make_equal=&#8221;on&#8221; _builder_version=&#8221;4.27.5&#8243; _module_preset=&#8221;default&#8221; background_color=&#8221;RGBA(255,255,255,0)&#8221; width=&#8221;100%&#8221; max_width=&#8221;100%&#8221; custom_padding=&#8221;11px|5%|9px|5%|false|true&#8221; global_colors_info=&#8221;{}&#8221;][et_pb_column type=&#8221;4_4&#8243; _builder_version=&#8221;4.27.5&#8243; _module_preset=&#8221;default&#8221; global_colors_info=&#8221;{}&#8221;][et_pb_text _builder_version=&#8221;4.27.5&#8243; _module_preset=&#8221;default&#8221; text_font=&#8221;aptos||||||||&#8221; text_text_color=&#8221;#FFFFFF&#8221; text_font_size=&#8221;19px&#8221; header_text_color=&#8221;#E02B20&#8243; header_font_size=&#8221;42px&#8221; header_2_font=&#8221;aptos|800|||||||&#8221; header_2_text_align=&#8221;center&#8221; header_2_text_color=&#8221;gcid-primary-color&#8221; header_2_font_size=&#8221;58px&#8221; custom_margin=&#8221;||18px|||&#8221; custom_margin_tablet=&#8221;||18px|||&#8221; custom_margin_phone=&#8221;||0px||false|false&#8221; custom_margin_last_edited=&#8221;on|phone&#8221; custom_padding=&#8221;25px||||false|true&#8221; animation_style=&#8221;slide&#8221; animation_direction=&#8221;bottom&#8221; header_font_size_tablet=&#8221;42px&#8221; header_font_size_phone=&#8221;36px&#8221; header_font_size_last_edited=&#8221;on|phone&#8221; header_2_font_size_tablet=&#8221;58px&#8221; header_2_font_size_phone=&#8221;38px&#8221; header_2_font_size_last_edited=&#8221;on|phone&#8221; global_colors_info=&#8221;{%22gcid-primary-color%22:%91%22header_2_text_color%22%93}&#8221;]<\/p>\n<h2>Desenvolvimento comunit\u00e1rio<\/h2>\n<p>[\/et_pb_text][\/et_pb_column][\/et_pb_row][\/et_pb_section][et_pb_section fb_built=&#8221;1&#8243; _builder_version=&#8221;4.27.5&#8243; _module_preset=&#8221;default&#8221; background_image=&#8221;https:\/\/loyola.co.za\/salvationarmy\/wp-content\/uploads\/2025\/12\/image-11.png&#8221; background_position=&#8221;top_center&#8221; custom_padding=&#8221;23px||20px|||&#8221; global_colors_info=&#8221;{}&#8221;][et_pb_row _builder_version=&#8221;4.27.5&#8243; _module_preset=&#8221;default&#8221; global_colors_info=&#8221;{}&#8221;][et_pb_column type=&#8221;4_4&#8243; _builder_version=&#8221;4.27.5&#8243; _module_preset=&#8221;default&#8221; global_colors_info=&#8221;{}&#8221;][et_pb_image src=&#8221;https:\/\/loyola.co.za\/salvationarmy\/wp-content\/uploads\/2025\/12\/blank-e1695637138500.png&#8221; title_text=&#8221;blank-e1695637138500&#8243; align=&#8221;center&#8221; _builder_version=&#8221;4.27.5&#8243; _module_preset=&#8221;default&#8221; module_alignment=&#8221;center&#8221; min_height=&#8221;300px&#8221; height=&#8221;300px&#8221; global_colors_info=&#8221;{}&#8221;][\/et_pb_image][\/et_pb_column][\/et_pb_row][\/et_pb_section][et_pb_section fb_built=&#8221;1&#8243; _builder_version=&#8221;4.27.5&#8243; _module_preset=&#8221;default&#8221; background_color=&#8221;#ededed&#8221; custom_padding=&#8221;16px|5%|13px|5%|false|false&#8221; locked=&#8221;off&#8221; global_colors_info=&#8221;{}&#8221;][et_pb_row column_structure=&#8221;1_2,1_2&#8243; use_custom_gutter=&#8221;on&#8221; gutter_width=&#8221;1&#8243; make_equal=&#8221;on&#8221; _builder_version=&#8221;4.27.5&#8243; _module_preset=&#8221;default&#8221; background_color=&#8221;RGBA(255,255,255,0)&#8221; width=&#8221;100%&#8221; max_width=&#8221;100%&#8221; custom_padding=&#8221;11px||9px||false|true&#8221; animation_style=&#8221;zoom&#8221; global_colors_info=&#8221;{}&#8221;][et_pb_column type=&#8221;1_2&#8243; _builder_version=&#8221;4.27.5&#8243; _module_preset=&#8221;default&#8221; background_color=&#8221;#E02B20&#8243; custom_padding=&#8221;35px|3%|25px|3%|false|true&#8221; border_radii=&#8221;off|28px|||28px&#8221; border_radii_tablet=&#8221;off|28px|||28px&#8221; border_radii_phone=&#8221;off|28px|28px||0px&#8221; border_radii_last_edited=&#8221;on|phone&#8221; global_colors_info=&#8221;{}&#8221;][et_pb_text _builder_version=&#8221;4.27.5&#8243; _module_preset=&#8221;default&#8221; text_font=&#8221;aptos||||||||&#8221; text_text_color=&#8221;#FFFFFF&#8221; text_font_size=&#8221;16px&#8221; text_line_height=&#8221;1.4em&#8221; custom_margin=&#8221;||17px|||&#8221; global_colors_info=&#8221;{}&#8221;]<\/p>\n<p data-start=\"3647\" data-end=\"3996\">O Ex\u00e9rcito de Salva\u00e7\u00e3o em Mo\u00e7ambique implementa programas abrangentes de desenvolvimento comunit\u00e1rio destinados a fortalecer fam\u00edlias, bairros e organiza\u00e7\u00f5es locais. Estas iniciativas fornecem forma\u00e7\u00e3o, recursos e orienta\u00e7\u00e3o para ajudar as comunidades a identificar e enfrentar os seus desafios sociais, econ\u00f3micos e espirituais.<\/p>\n<p data-start=\"3998\" data-end=\"4345\">Os programas focam-se na melhoria do acesso \u00e0 educa\u00e7\u00e3o, sa\u00fade e servi\u00e7os sociais, ao mesmo tempo que promovem lideran\u00e7a, coopera\u00e7\u00e3o e resili\u00eancia nas comunidades. Ao incentivar o envolvimento comunit\u00e1rio e a autossufici\u00eancia, o Ex\u00e9rcito de Salva\u00e7\u00e3o capacita as pessoas a criar solu\u00e7\u00f5es sustent\u00e1veis para a pobreza, o desemprego e a desigualdade.<\/p>\n<p data-start=\"4347\" data-end=\"4717\">Atrav\u00e9s de workshops, sess\u00f5es de forma\u00e7\u00e3o e planeamento participativo, os membros da comunidade s\u00e3o encorajados a assumir um papel ativo na tomada de decis\u00f5es, garantindo que os programas reflitam as necessidades e prioridades locais. O resultado s\u00e3o comunidades mais fortes e coesas, capazes de apoiar os seus membros e alcan\u00e7ar crescimento e bem-estar a longo prazo.<\/p>\n<p>[\/et_pb_text][\/et_pb_column][et_pb_column type=&#8221;1_2&#8243; _builder_version=&#8221;4.27.5&#8243; _module_preset=&#8221;default&#8221; background_image=&#8221;https:\/\/loyola.co.za\/salvationarmy\/wp-content\/uploads\/2025\/12\/TSA-InterDev-Emerg.Responce.jpg.png&#8221; border_radii=&#8221;off||28px|28px|&#8221; border_radii_tablet=&#8221;off||28px|28px|&#8221; border_radii_phone=&#8221;off||0px|28px|28px&#8221; border_radii_last_edited=&#8221;on|phone&#8221; global_colors_info=&#8221;{}&#8221;][et_pb_image src=&#8221;https:\/\/loyola.co.za\/salvationarmy\/wp-content\/uploads\/2025\/12\/blank-e1695637138500.png&#8221; title_text=&#8221;blank-e1695637138500&#8243; _builder_version=&#8221;4.27.5&#8243; _module_preset=&#8221;default&#8221; height=&#8221;300px&#8221; max_height=&#8221;300px&#8221; global_colors_info=&#8221;{}&#8221;][\/et_pb_image][\/et_pb_column][\/et_pb_row][\/et_pb_section][et_pb_section fb_built=&#8221;1&#8243; _builder_version=&#8221;4.27.5&#8243; _module_preset=&#8221;default&#8221; background_color=&#8221;#ededed&#8221; custom_padding=&#8221;16px|5%|13px|5%|false|true&#8221; locked=&#8221;off&#8221; global_colors_info=&#8221;{}&#8221;][et_pb_row use_custom_gutter=&#8221;on&#8221; make_equal=&#8221;on&#8221; _builder_version=&#8221;4.27.5&#8243; _module_preset=&#8221;default&#8221; background_color=&#8221;#E02B20&#8243; width=&#8221;100%&#8221; max_width=&#8221;100%&#8221; custom_padding=&#8221;11px||9px|||&#8221; animation_style=&#8221;zoom&#8221; border_radii=&#8221;on|28px|28px|28px|28px&#8221; global_colors_info=&#8221;{}&#8221;][et_pb_column type=&#8221;4_4&#8243; _builder_version=&#8221;4.27.5&#8243; _module_preset=&#8221;default&#8221; global_colors_info=&#8221;{}&#8221;][et_pb_text _builder_version=&#8221;4.27.5&#8243; _module_preset=&#8221;default&#8221; text_font=&#8221;aptos||||||||&#8221; text_text_color=&#8221;#FFFFFF&#8221; text_font_size=&#8221;19px&#8221; header_2_font=&#8221;aptos|900|||||||&#8221; header_2_text_color=&#8221;#FFFFFF&#8221; header_2_font_size=&#8221;79px&#8221; custom_padding=&#8221;55px|10%|55px|10%|true|true&#8221; header_2_font_size_tablet=&#8221;97px&#8221; header_2_font_size_phone=&#8221;30px&#8221; header_2_font_size_last_edited=&#8221;on|phone&#8221; global_colors_info=&#8221;{}&#8221;]<\/p>\n<h2 style=\"text-align: center;\">Compartilhando o Esp\u00edrito que d\u00e1 vida de Deus por todas as gera\u00e7\u00f5es<\/h2>\n<p>[\/et_pb_text][\/et_pb_column][\/et_pb_row][\/et_pb_section]<\/p>\n","protected":false},"excerpt":{"rendered":"<p>Desenvolvimento comunit\u00e1rioO Ex\u00e9rcito de Salva\u00e7\u00e3o em Mo\u00e7ambique implementa programas abrangentes de desenvolvimento comunit\u00e1rio destinados a fortalecer fam\u00edlias, bairros e organiza\u00e7\u00f5es locais. Estas iniciativas fornecem forma\u00e7\u00e3o, recursos e orienta\u00e7\u00e3o para ajudar as comunidades a identificar e enfrentar os seus desafios sociais, econ\u00f3micos e espirituais. Os programas focam-se na melhoria do acesso \u00e0 educa\u00e7\u00e3o, sa\u00fade e servi\u00e7os [&hellip;]<\/p>\n","protected":false},"author":1,"featured_media":0,"parent":0,"menu_order":0,"comment_status":"closed","ping_status":"closed","template":"","meta":{"_et_pb_use_builder":"on","_et_pb_old_content":"<!-- wp:divi\/placeholder \/-->","_et_gb_content_width":"","footnotes":""},"class_list":["post-189","page","type-page","status-publish","hentry"],"_links":{"self":[{"href":"https:\/\/loyola.co.za\/salvationarmy-moz\/wp-json\/wp\/v2\/pages\/189","targetHints":{"allow":["GET"]}}],"collection":[{"href":"https:\/\/loyola.co.za\/salvationarmy-moz\/wp-json\/wp\/v2\/pages"}],"about":[{"href":"https:\/\/loyola.co.za\/salvationarmy-moz\/wp-json\/wp\/v2\/types\/page"}],"author":[{"embeddable":true,"href":"https:\/\/loyola.co.za\/salvationarmy-moz\/wp-json\/wp\/v2\/users\/1"}],"replies":[{"embeddable":true,"href":"https:\/\/loyola.co.za\/salvationarmy-moz\/wp-json\/wp\/v2\/comments?post=189"}],"version-history":[{"count":6,"href":"https:\/\/loyola.co.za\/salvationarmy-moz\/wp-json\/wp\/v2\/pages\/189\/revisions"}],"predecessor-version":[{"id":396,"href":"https:\/\/loyola.co.za\/salvationarmy-moz\/wp-json\/wp\/v2\/pages\/189\/revisions\/396"}],"wp:attachment":[{"href":"https:\/\/loyola.co.za\/salvationarmy-moz\/wp-json\/wp\/v2\/media?parent=189"}],"curies":[{"name":"wp","href":"https:\/\/api.w.org\/{rel}","templated":true}]}}