{"id":195,"date":"2025-12-18T11:37:59","date_gmt":"2025-12-18T09:37:59","guid":{"rendered":"https:\/\/loyola.co.za\/salvationarmy\/?page_id=195"},"modified":"2026-02-12T11:44:57","modified_gmt":"2026-02-12T09:44:57","slug":"adore-conosco","status":"publish","type":"page","link":"https:\/\/loyola.co.za\/salvationarmy-moz\/adore-conosco\/","title":{"rendered":"Adore Conosco"},"content":{"rendered":"<p>[et_pb_section fb_built=&#8221;1&#8243; _builder_version=&#8221;4.27.5&#8243; _module_preset=&#8221;default&#8221; background_color=&#8221;#ededed&#8221; custom_padding=&#8221;16px|5%|13px|5%|false|true&#8221; locked=&#8221;off&#8221; global_colors_info=&#8221;{}&#8221;][et_pb_row use_custom_gutter=&#8221;on&#8221; make_equal=&#8221;on&#8221; _builder_version=&#8221;4.27.5&#8243; _module_preset=&#8221;default&#8221; background_color=&#8221;RGBA(255,255,255,0)&#8221; width=&#8221;100%&#8221; max_width=&#8221;100%&#8221; custom_padding=&#8221;11px|5%|9px|5%|false|true&#8221; global_colors_info=&#8221;{}&#8221;][et_pb_column type=&#8221;4_4&#8243; _builder_version=&#8221;4.27.5&#8243; _module_preset=&#8221;default&#8221; global_colors_info=&#8221;{}&#8221;][et_pb_text _builder_version=&#8221;4.27.5&#8243; _module_preset=&#8221;default&#8221; text_font=&#8221;aptos||||||||&#8221; text_text_color=&#8221;#FFFFFF&#8221; text_font_size=&#8221;19px&#8221; header_text_color=&#8221;#E02B20&#8243; header_font_size=&#8221;42px&#8221; header_2_font=&#8221;aptos|800|||||||&#8221; header_2_text_align=&#8221;center&#8221; header_2_text_color=&#8221;gcid-primary-color&#8221; header_2_font_size=&#8221;58px&#8221; custom_margin=&#8221;||18px|||&#8221; custom_margin_tablet=&#8221;||18px|||&#8221; custom_margin_phone=&#8221;||0px||false|false&#8221; custom_margin_last_edited=&#8221;on|phone&#8221; custom_padding=&#8221;25px||||false|true&#8221; animation_style=&#8221;slide&#8221; animation_direction=&#8221;bottom&#8221; header_font_size_tablet=&#8221;42px&#8221; header_font_size_phone=&#8221;36px&#8221; header_font_size_last_edited=&#8221;on|phone&#8221; header_2_font_size_tablet=&#8221;58px&#8221; header_2_font_size_phone=&#8221;38px&#8221; header_2_font_size_last_edited=&#8221;on|phone&#8221; global_colors_info=&#8221;{%22gcid-primary-color%22:%91%22header_2_text_color%22%93}&#8221;]<\/p>\n<h2><a class=\"row-title\" href=\"https:\/\/loyola.co.za\/salvationarmy-moz\/wp-admin\/post.php?post=195&amp;action=edit\" aria-label=\"\u201cAdore Conosco\u201d (Edit)\">Adore Conosco<\/a><\/h2>\n<p>[\/et_pb_text][\/et_pb_column][\/et_pb_row][\/et_pb_section][et_pb_section fb_built=&#8221;1&#8243; _builder_version=&#8221;4.27.5&#8243; _module_preset=&#8221;default&#8221; background_color=&#8221;#ededed&#8221; custom_padding=&#8221;16px|5%|13px|5%|false|false&#8221; locked=&#8221;off&#8221; global_colors_info=&#8221;{}&#8221;][et_pb_row column_structure=&#8221;1_2,1_2&#8243; use_custom_gutter=&#8221;on&#8221; gutter_width=&#8221;1&#8243; make_equal=&#8221;on&#8221; _builder_version=&#8221;4.27.5&#8243; _module_preset=&#8221;default&#8221; background_color=&#8221;RGBA(255,255,255,0)&#8221; width=&#8221;100%&#8221; max_width=&#8221;100%&#8221; custom_padding=&#8221;11px||9px||false|true&#8221; animation_style=&#8221;zoom&#8221; global_colors_info=&#8221;{}&#8221;][et_pb_column type=&#8221;1_2&#8243; _builder_version=&#8221;4.27.5&#8243; _module_preset=&#8221;default&#8221; background_color=&#8221;#FFFFFF&#8221; custom_padding=&#8221;35px|3%|25px|3%|false|true&#8221; border_radii=&#8221;off|28px|||28px&#8221; border_radii_tablet=&#8221;off|28px|||28px&#8221; border_radii_phone=&#8221;off|28px|28px||0px&#8221; border_radii_last_edited=&#8221;on|phone&#8221; global_colors_info=&#8221;{}&#8221;][et_pb_text _builder_version=&#8221;4.27.5&#8243; _module_preset=&#8221;default&#8221; text_font=&#8221;aptos||||||||&#8221; text_text_color=&#8221;gcid-primary-color&#8221; text_font_size=&#8221;16px&#8221; text_line_height=&#8221;1.4em&#8221; custom_margin=&#8221;||17px|||&#8221; global_colors_info=&#8221;{%22gcid-primary-color%22:%91%22text_text_color%22%93}&#8221;]<\/p>\n<p data-start=\"730\" data-end=\"1121\">No Ex\u00e9rcito de Salva\u00e7\u00e3o em Mo\u00e7ambique, convidamos calorosamente todos a juntarem-se a n\u00f3s em adora\u00e7\u00e3o e celebra\u00e7\u00e3o do amor de Deus. Os nossos cultos oferecem um espa\u00e7o para crescimento espiritual, ora\u00e7\u00e3o, comunh\u00e3o e louvor. Quer esteja em busca de inspira\u00e7\u00e3o, comunidade ou uma liga\u00e7\u00e3o mais profunda com Deus, encontrar\u00e1 um ambiente acolhedor onde todos podem participar.<\/p>\n<p data-start=\"1123\" data-end=\"1388\">A nossa adora\u00e7\u00e3o inclui m\u00fasica, ora\u00e7\u00e3o, leitura da B\u00edblia e mensagens que encorajam a f\u00e9, a esperan\u00e7a e a compaix\u00e3o. Celebramos a diversidade da nossa congrega\u00e7\u00e3o e procuramos criar experi\u00eancias que elevem e fortale\u00e7am a vida espiritual de todos os participantes.<\/p>\n<p>[\/et_pb_text][\/et_pb_column][et_pb_column type=&#8221;1_2&#8243; _builder_version=&#8221;4.27.5&#8243; _module_preset=&#8221;default&#8221; background_image=&#8221;https:\/\/loyola.co.za\/salvationarmy\/wp-content\/uploads\/2025\/12\/24993205_719814731556318_5317449.png&#8221; border_radii=&#8221;off||28px|28px|&#8221; border_radii_tablet=&#8221;off||28px|28px|&#8221; border_radii_phone=&#8221;off||0px|28px|28px&#8221; border_radii_last_edited=&#8221;on|phone&#8221; global_colors_info=&#8221;{}&#8221;][et_pb_image src=&#8221;https:\/\/loyola.co.za\/salvationarmy\/wp-content\/uploads\/2025\/12\/blank-e1695637138500.png&#8221; title_text=&#8221;blank-e1695637138500&#8243; _builder_version=&#8221;4.27.5&#8243; _module_preset=&#8221;default&#8221; height=&#8221;300px&#8221; max_height=&#8221;300px&#8221; global_colors_info=&#8221;{}&#8221;][\/et_pb_image][\/et_pb_column][\/et_pb_row][\/et_pb_section][et_pb_section fb_built=&#8221;1&#8243; _builder_version=&#8221;4.27.5&#8243; _module_preset=&#8221;default&#8221; background_color=&#8221;#ededed&#8221; custom_padding=&#8221;16px|5%|13px|5%|false|true&#8221; locked=&#8221;off&#8221; global_colors_info=&#8221;{}&#8221;][et_pb_row use_custom_gutter=&#8221;on&#8221; make_equal=&#8221;on&#8221; _builder_version=&#8221;4.27.5&#8243; _module_preset=&#8221;default&#8221; background_color=&#8221;#E02B20&#8243; width=&#8221;100%&#8221; max_width=&#8221;100%&#8221; custom_padding=&#8221;11px||9px|||&#8221; animation_style=&#8221;zoom&#8221; border_radii=&#8221;on|28px|28px|28px|28px&#8221; global_colors_info=&#8221;{}&#8221;][et_pb_column type=&#8221;4_4&#8243; _builder_version=&#8221;4.27.5&#8243; _module_preset=&#8221;default&#8221; global_colors_info=&#8221;{}&#8221;][et_pb_text _builder_version=&#8221;4.27.5&#8243; _module_preset=&#8221;default&#8221; text_font=&#8221;aptos||||||||&#8221; text_text_color=&#8221;#FFFFFF&#8221; text_font_size=&#8221;19px&#8221; header_2_font=&#8221;aptos|900|||||||&#8221; header_2_text_color=&#8221;#FFFFFF&#8221; header_2_font_size=&#8221;79px&#8221; custom_padding=&#8221;55px|10%|55px|10%|true|true&#8221; header_2_font_size_tablet=&#8221;97px&#8221; header_2_font_size_phone=&#8221;30px&#8221; header_2_font_size_last_edited=&#8221;on|phone&#8221; global_colors_info=&#8221;{}&#8221;]<\/p>\n<h2 style=\"text-align: center;\">Compartilhando o Esp\u00edrito que d\u00e1 vida de Deus por todas as gera\u00e7\u00f5es<\/h2>\n<p>[\/et_pb_text][\/et_pb_column][\/et_pb_row][\/et_pb_section]<\/p>\n","protected":false},"excerpt":{"rendered":"<p>Adore ConoscoNo Ex\u00e9rcito de Salva\u00e7\u00e3o em Mo\u00e7ambique, convidamos calorosamente todos a juntarem-se a n\u00f3s em adora\u00e7\u00e3o e celebra\u00e7\u00e3o do amor de Deus. Os nossos cultos oferecem um espa\u00e7o para crescimento espiritual, ora\u00e7\u00e3o, comunh\u00e3o e louvor. Quer esteja em busca de inspira\u00e7\u00e3o, comunidade ou uma liga\u00e7\u00e3o mais profunda com Deus, encontrar\u00e1 um ambiente acolhedor onde todos [&hellip;]<\/p>\n","protected":false},"author":1,"featured_media":0,"parent":0,"menu_order":0,"comment_status":"closed","ping_status":"closed","template":"","meta":{"_et_pb_use_builder":"on","_et_pb_old_content":"<!-- wp:divi\/placeholder \/-->","_et_gb_content_width":"","footnotes":""},"class_list":["post-195","page","type-page","status-publish","hentry"],"_links":{"self":[{"href":"https:\/\/loyola.co.za\/salvationarmy-moz\/wp-json\/wp\/v2\/pages\/195","targetHints":{"allow":["GET"]}}],"collection":[{"href":"https:\/\/loyola.co.za\/salvationarmy-moz\/wp-json\/wp\/v2\/pages"}],"about":[{"href":"https:\/\/loyola.co.za\/salvationarmy-moz\/wp-json\/wp\/v2\/types\/page"}],"author":[{"embeddable":true,"href":"https:\/\/loyola.co.za\/salvationarmy-moz\/wp-json\/wp\/v2\/users\/1"}],"replies":[{"embeddable":true,"href":"https:\/\/loyola.co.za\/salvationarmy-moz\/wp-json\/wp\/v2\/comments?post=195"}],"version-history":[{"count":5,"href":"https:\/\/loyola.co.za\/salvationarmy-moz\/wp-json\/wp\/v2\/pages\/195\/revisions"}],"predecessor-version":[{"id":411,"href":"https:\/\/loyola.co.za\/salvationarmy-moz\/wp-json\/wp\/v2\/pages\/195\/revisions\/411"}],"wp:attachment":[{"href":"https:\/\/loyola.co.za\/salvationarmy-moz\/wp-json\/wp\/v2\/media?parent=195"}],"curies":[{"name":"wp","href":"https:\/\/api.w.org\/{rel}","templated":true}]}}