{"id":197,"date":"2025-12-18T11:38:20","date_gmt":"2025-12-18T09:38:20","guid":{"rendered":"https:\/\/loyola.co.za\/salvationarmy\/?page_id=197"},"modified":"2026-02-12T11:43:15","modified_gmt":"2026-02-12T09:43:15","slug":"trabalhe-conosco","status":"publish","type":"page","link":"https:\/\/loyola.co.za\/salvationarmy-moz\/trabalhe-conosco\/","title":{"rendered":"Trabalhe Conosco"},"content":{"rendered":"<p>[et_pb_section fb_built=&#8221;1&#8243; _builder_version=&#8221;4.27.5&#8243; _module_preset=&#8221;default&#8221; background_color=&#8221;#ededed&#8221; custom_padding=&#8221;16px|5%|13px|5%|false|true&#8221; locked=&#8221;off&#8221; global_colors_info=&#8221;{}&#8221;][et_pb_row use_custom_gutter=&#8221;on&#8221; make_equal=&#8221;on&#8221; _builder_version=&#8221;4.27.5&#8243; _module_preset=&#8221;default&#8221; background_color=&#8221;RGBA(255,255,255,0)&#8221; width=&#8221;100%&#8221; max_width=&#8221;100%&#8221; custom_padding=&#8221;11px|5%|9px|5%|false|true&#8221; global_colors_info=&#8221;{}&#8221;][et_pb_column type=&#8221;4_4&#8243; _builder_version=&#8221;4.27.5&#8243; _module_preset=&#8221;default&#8221; global_colors_info=&#8221;{}&#8221;][et_pb_text _builder_version=&#8221;4.27.5&#8243; _module_preset=&#8221;default&#8221; text_font=&#8221;aptos||||||||&#8221; text_text_color=&#8221;#FFFFFF&#8221; text_font_size=&#8221;19px&#8221; header_text_color=&#8221;#E02B20&#8243; header_font_size=&#8221;42px&#8221; header_2_font=&#8221;aptos|800|||||||&#8221; header_2_text_align=&#8221;center&#8221; header_2_text_color=&#8221;gcid-primary-color&#8221; header_2_font_size=&#8221;58px&#8221; custom_margin=&#8221;||18px|||&#8221; custom_margin_tablet=&#8221;||18px|||&#8221; custom_margin_phone=&#8221;||0px||false|false&#8221; custom_margin_last_edited=&#8221;on|phone&#8221; custom_padding=&#8221;25px||||false|true&#8221; animation_style=&#8221;slide&#8221; animation_direction=&#8221;bottom&#8221; header_font_size_tablet=&#8221;42px&#8221; header_font_size_phone=&#8221;36px&#8221; header_font_size_last_edited=&#8221;on|phone&#8221; header_2_font_size_tablet=&#8221;58px&#8221; header_2_font_size_phone=&#8221;38px&#8221; header_2_font_size_last_edited=&#8221;on|phone&#8221; global_colors_info=&#8221;{%22gcid-primary-color%22:%91%22header_2_text_color%22%93}&#8221;]<\/p>\n<h2>Trabalhe Conosco<\/h2>\n<p>[\/et_pb_text][\/et_pb_column][\/et_pb_row][\/et_pb_section][et_pb_section fb_built=&#8221;1&#8243; _builder_version=&#8221;4.27.5&#8243; _module_preset=&#8221;default&#8221; background_color=&#8221;#ededed&#8221; custom_padding=&#8221;16px|5%|13px|5%|false|false&#8221; locked=&#8221;off&#8221; global_colors_info=&#8221;{}&#8221;][et_pb_row column_structure=&#8221;1_2,1_2&#8243; use_custom_gutter=&#8221;on&#8221; gutter_width=&#8221;1&#8243; make_equal=&#8221;on&#8221; _builder_version=&#8221;4.27.5&#8243; _module_preset=&#8221;default&#8221; background_color=&#8221;RGBA(255,255,255,0)&#8221; width=&#8221;100%&#8221; max_width=&#8221;100%&#8221; custom_padding=&#8221;11px||9px||false|true&#8221; animation_style=&#8221;zoom&#8221; global_colors_info=&#8221;{}&#8221;][et_pb_column type=&#8221;1_2&#8243; _builder_version=&#8221;4.27.5&#8243; _module_preset=&#8221;default&#8221; background_color=&#8221;#FFFFFF&#8221; custom_padding=&#8221;35px|3%|25px|3%|false|true&#8221; border_radii=&#8221;off|28px|||28px&#8221; border_radii_tablet=&#8221;off|28px|||28px&#8221; border_radii_phone=&#8221;off|28px|28px||0px&#8221; border_radii_last_edited=&#8221;on|phone&#8221; global_colors_info=&#8221;{}&#8221;][et_pb_text _builder_version=&#8221;4.27.5&#8243; _module_preset=&#8221;default&#8221; text_font=&#8221;aptos||||||||&#8221; text_text_color=&#8221;gcid-primary-color&#8221; text_font_size=&#8221;16px&#8221; text_line_height=&#8221;1.4em&#8221; custom_margin=&#8221;||17px|||&#8221; global_colors_info=&#8221;{%22gcid-primary-color%22:%91%22text_text_color%22%93}&#8221;]<\/p>\n<p data-start=\"1067\" data-end=\"1364\">No Ex\u00e9rcito de Salva\u00e7\u00e3o em Mo\u00e7ambique, acreditamos que todos t\u00eam um papel a desempenhar no servi\u00e7o a Deus e \u00e0 comunidade. Ao juntar-se \u00e0 nossa equipe, voc\u00ea faz parte de um grupo dedicado de pessoas comprometidas em causar um impacto positivo na vida das pessoas em todo o pa\u00eds.<\/p>\n<p data-start=\"1366\" data-end=\"1742\">Oferecemos diversas oportunidades de emprego, voluntariado e est\u00e1gios, permitindo que voc\u00ea contribua com suas habilidades, paix\u00e3o e criatividade para projetos significativos. Quer esteja interessado em educa\u00e7\u00e3o, desenvolvimento comunit\u00e1rio, assist\u00eancia humanit\u00e1ria ou administra\u00e7\u00e3o, os seus esfor\u00e7os ajudam a fortalecer a nossa miss\u00e3o e a expandir o alcance do amor de Deus.<\/p>\n<p data-start=\"1744\" data-end=\"2000\">Trabalhar conosco significa fazer parte de uma organiza\u00e7\u00e3o acolhedora, inclusiva e guiada por valores. Voc\u00ea ter\u00e1 a oportunidade de crescer pessoal e profissionalmente, ao mesmo tempo que faz uma diferen\u00e7a real na vida de crian\u00e7as, fam\u00edlias e comunidades.<\/p>\n<p>[\/et_pb_text][\/et_pb_column][et_pb_column type=&#8221;1_2&#8243; _builder_version=&#8221;4.27.5&#8243; _module_preset=&#8221;default&#8221; background_image=&#8221;https:\/\/loyola.co.za\/salvationarmy\/wp-content\/uploads\/2025\/12\/24993205_719814731556318_5317449-1.png&#8221; border_radii=&#8221;off||28px|28px|&#8221; border_radii_tablet=&#8221;off||28px|28px|&#8221; border_radii_phone=&#8221;off||0px|28px|28px&#8221; border_radii_last_edited=&#8221;on|phone&#8221; global_colors_info=&#8221;{}&#8221;][et_pb_image src=&#8221;https:\/\/loyola.co.za\/salvationarmy\/wp-content\/uploads\/2025\/12\/blank-e1695637138500.png&#8221; title_text=&#8221;blank-e1695637138500&#8243; _builder_version=&#8221;4.27.5&#8243; _module_preset=&#8221;default&#8221; height=&#8221;300px&#8221; max_height=&#8221;300px&#8221; global_colors_info=&#8221;{}&#8221;][\/et_pb_image][\/et_pb_column][\/et_pb_row][\/et_pb_section][et_pb_section fb_built=&#8221;1&#8243; _builder_version=&#8221;4.27.5&#8243; _module_preset=&#8221;default&#8221; background_color=&#8221;#ededed&#8221; custom_padding=&#8221;16px|5%|13px|5%|false|true&#8221; locked=&#8221;off&#8221; global_colors_info=&#8221;{}&#8221;][et_pb_row use_custom_gutter=&#8221;on&#8221; make_equal=&#8221;on&#8221; _builder_version=&#8221;4.27.5&#8243; _module_preset=&#8221;default&#8221; background_color=&#8221;#E02B20&#8243; width=&#8221;100%&#8221; max_width=&#8221;100%&#8221; custom_padding=&#8221;11px||9px|||&#8221; animation_style=&#8221;zoom&#8221; border_radii=&#8221;on|28px|28px|28px|28px&#8221; global_colors_info=&#8221;{}&#8221;][et_pb_column type=&#8221;4_4&#8243; _builder_version=&#8221;4.27.5&#8243; _module_preset=&#8221;default&#8221; global_colors_info=&#8221;{}&#8221;][et_pb_text _builder_version=&#8221;4.27.5&#8243; _module_preset=&#8221;default&#8221; text_font=&#8221;aptos||||||||&#8221; text_text_color=&#8221;#FFFFFF&#8221; text_font_size=&#8221;19px&#8221; header_2_font=&#8221;aptos|900|||||||&#8221; header_2_text_color=&#8221;#FFFFFF&#8221; header_2_font_size=&#8221;79px&#8221; custom_padding=&#8221;55px|10%|55px|10%|true|true&#8221; header_2_font_size_tablet=&#8221;97px&#8221; header_2_font_size_phone=&#8221;30px&#8221; header_2_font_size_last_edited=&#8221;on|phone&#8221; global_colors_info=&#8221;{}&#8221;]<\/p>\n<h2 style=\"text-align: center;\">Compartilhando o Esp\u00edrito que d\u00e1 vida de Deus por todas as gera\u00e7\u00f5es<\/h2>\n<p>[\/et_pb_text][\/et_pb_column][\/et_pb_row][\/et_pb_section]<\/p>\n","protected":false},"excerpt":{"rendered":"<p>Trabalhe ConoscoNo Ex\u00e9rcito de Salva\u00e7\u00e3o em Mo\u00e7ambique, acreditamos que todos t\u00eam um papel a desempenhar no servi\u00e7o a Deus e \u00e0 comunidade. Ao juntar-se \u00e0 nossa equipe, voc\u00ea faz parte de um grupo dedicado de pessoas comprometidas em causar um impacto positivo na vida das pessoas em todo o pa\u00eds. Oferecemos diversas oportunidades de emprego, [&hellip;]<\/p>\n","protected":false},"author":1,"featured_media":0,"parent":0,"menu_order":0,"comment_status":"closed","ping_status":"closed","template":"","meta":{"_et_pb_use_builder":"on","_et_pb_old_content":"<!-- wp:divi\/placeholder \/-->","_et_gb_content_width":"","footnotes":""},"class_list":["post-197","page","type-page","status-publish","hentry"],"_links":{"self":[{"href":"https:\/\/loyola.co.za\/salvationarmy-moz\/wp-json\/wp\/v2\/pages\/197","targetHints":{"allow":["GET"]}}],"collection":[{"href":"https:\/\/loyola.co.za\/salvationarmy-moz\/wp-json\/wp\/v2\/pages"}],"about":[{"href":"https:\/\/loyola.co.za\/salvationarmy-moz\/wp-json\/wp\/v2\/types\/page"}],"author":[{"embeddable":true,"href":"https:\/\/loyola.co.za\/salvationarmy-moz\/wp-json\/wp\/v2\/users\/1"}],"replies":[{"embeddable":true,"href":"https:\/\/loyola.co.za\/salvationarmy-moz\/wp-json\/wp\/v2\/comments?post=197"}],"version-history":[{"count":6,"href":"https:\/\/loyola.co.za\/salvationarmy-moz\/wp-json\/wp\/v2\/pages\/197\/revisions"}],"predecessor-version":[{"id":410,"href":"https:\/\/loyola.co.za\/salvationarmy-moz\/wp-json\/wp\/v2\/pages\/197\/revisions\/410"}],"wp:attachment":[{"href":"https:\/\/loyola.co.za\/salvationarmy-moz\/wp-json\/wp\/v2\/media?parent=197"}],"curies":[{"name":"wp","href":"https:\/\/api.w.org\/{rel}","templated":true}]}}