{"id":201,"date":"2025-12-18T11:38:47","date_gmt":"2025-12-18T09:38:47","guid":{"rendered":"https:\/\/loyola.co.za\/salvationarmy\/?page_id=201"},"modified":"2026-02-12T11:49:44","modified_gmt":"2026-02-12T09:49:44","slug":"anos-sabaticos-e-programas-missionarios","status":"publish","type":"page","link":"https:\/\/loyola.co.za\/salvationarmy-moz\/anos-sabaticos-e-programas-missionarios\/","title":{"rendered":"Anos Sab\u00e1ticos e Programas Mission\u00e1rios"},"content":{"rendered":"<p>[et_pb_section fb_built=&#8221;1&#8243; _builder_version=&#8221;4.27.5&#8243; _module_preset=&#8221;default&#8221; background_color=&#8221;#ededed&#8221; custom_padding=&#8221;16px|5%|13px|5%|false|true&#8221; locked=&#8221;off&#8221; global_colors_info=&#8221;{}&#8221;][et_pb_row use_custom_gutter=&#8221;on&#8221; make_equal=&#8221;on&#8221; _builder_version=&#8221;4.27.5&#8243; _module_preset=&#8221;default&#8221; background_color=&#8221;RGBA(255,255,255,0)&#8221; width=&#8221;100%&#8221; max_width=&#8221;100%&#8221; custom_padding=&#8221;11px|5%|9px|5%|false|true&#8221; global_colors_info=&#8221;{}&#8221;][et_pb_column type=&#8221;4_4&#8243; _builder_version=&#8221;4.27.5&#8243; _module_preset=&#8221;default&#8221; global_colors_info=&#8221;{}&#8221;][et_pb_text _builder_version=&#8221;4.27.5&#8243; _module_preset=&#8221;default&#8221; text_font=&#8221;aptos||||||||&#8221; text_text_color=&#8221;#FFFFFF&#8221; text_font_size=&#8221;19px&#8221; header_text_color=&#8221;#E02B20&#8243; header_font_size=&#8221;42px&#8221; header_2_font=&#8221;aptos|800|||||||&#8221; header_2_text_align=&#8221;center&#8221; header_2_text_color=&#8221;gcid-primary-color&#8221; header_2_font_size=&#8221;58px&#8221; custom_margin=&#8221;||18px|||&#8221; custom_margin_tablet=&#8221;||18px|||&#8221; custom_margin_phone=&#8221;||0px||false|false&#8221; custom_margin_last_edited=&#8221;on|phone&#8221; custom_padding=&#8221;25px||||false|true&#8221; animation_style=&#8221;slide&#8221; animation_direction=&#8221;bottom&#8221; header_font_size_tablet=&#8221;42px&#8221; header_font_size_phone=&#8221;36px&#8221; header_font_size_last_edited=&#8221;on|phone&#8221; header_2_font_size_tablet=&#8221;58px&#8221; header_2_font_size_phone=&#8221;38px&#8221; header_2_font_size_last_edited=&#8221;on|phone&#8221; global_colors_info=&#8221;{%22gcid-primary-color%22:%91%22header_2_text_color%22%93}&#8221;]<\/p>\n<h2><a class=\"row-title\" href=\"https:\/\/loyola.co.za\/salvationarmy-moz\/wp-admin\/post.php?post=201&amp;action=edit\" aria-label=\"\u201cAnos Sab\u00e1ticos e Programas Mission\u00e1rios\u201d (Edit)\">Anos Sab\u00e1ticos e Programas Mission\u00e1rios<\/a><\/h2>\n<p>[\/et_pb_text][\/et_pb_column][\/et_pb_row][\/et_pb_section][et_pb_section fb_built=&#8221;1&#8243; _builder_version=&#8221;4.27.5&#8243; _module_preset=&#8221;default&#8221; background_color=&#8221;#ededed&#8221; custom_padding=&#8221;16px|5%|13px|5%|false|false&#8221; locked=&#8221;off&#8221; global_colors_info=&#8221;{}&#8221;][et_pb_row column_structure=&#8221;1_2,1_2&#8243; use_custom_gutter=&#8221;on&#8221; gutter_width=&#8221;1&#8243; make_equal=&#8221;on&#8221; _builder_version=&#8221;4.27.5&#8243; _module_preset=&#8221;default&#8221; background_color=&#8221;RGBA(255,255,255,0)&#8221; width=&#8221;100%&#8221; max_width=&#8221;100%&#8221; custom_padding=&#8221;11px||9px||false|true&#8221; animation_style=&#8221;zoom&#8221; global_colors_info=&#8221;{}&#8221;][et_pb_column type=&#8221;1_2&#8243; _builder_version=&#8221;4.27.5&#8243; _module_preset=&#8221;default&#8221; background_color=&#8221;#FFFFFF&#8221; custom_padding=&#8221;35px|3%|25px|3%|false|true&#8221; border_radii=&#8221;off|28px|||28px&#8221; border_radii_tablet=&#8221;off|28px|||28px&#8221; border_radii_phone=&#8221;off|28px|28px||0px&#8221; border_radii_last_edited=&#8221;on|phone&#8221; global_colors_info=&#8221;{}&#8221;][et_pb_text _builder_version=&#8221;4.27.5&#8243; _module_preset=&#8221;default&#8221; text_font=&#8221;aptos||||||||&#8221; text_text_color=&#8221;gcid-primary-color&#8221; text_font_size=&#8221;16px&#8221; text_line_height=&#8221;1.4em&#8221; custom_margin=&#8221;||17px|||&#8221; global_colors_info=&#8221;{%22gcid-primary-color%22:%91%22text_text_color%22%93}&#8221;]<\/p>\n<p data-start=\"1107\" data-end=\"1487\">O Ex\u00e9rcito de Salva\u00e7\u00e3o em Mo\u00e7ambique oferece Programas de Anos Sab\u00e1ticos e Miss\u00f5es, projetados para jovens que desejam fazer uma diferen\u00e7a significativa no mundo enquanto crescem espiritualmente e pessoalmente. Estes programas proporcionam aos participantes experi\u00eancia pr\u00e1tica em servi\u00e7o comunit\u00e1rio, educa\u00e7\u00e3o, assist\u00eancia humanit\u00e1ria e minist\u00e9rios da igreja.<\/p>\n<p data-start=\"1489\" data-end=\"1842\">Os participantes t\u00eam a oportunidade de viver e trabalhar junto \u00e0s comunidades locais, adquirindo habilidades pr\u00e1ticas, experi\u00eancia em lideran\u00e7a e uma compreens\u00e3o mais profunda dos desafios sociais. Os programas tamb\u00e9m enfatizam a reflex\u00e3o pessoal, o desenvolvimento da f\u00e9 e a constru\u00e7\u00e3o de relacionamentos duradouros com pessoas de diferentes origens.<\/p>\n<p data-start=\"1844\" data-end=\"2124\">Quer esteja a explorar o seu caminho profissional, \u00e0 procura de aventura ou desejando servir os outros, os Programas de Anos Sab\u00e1ticos e Miss\u00f5es oferecem uma oportunidade \u00fanica de contribuir para a obra de Deus, enquanto transforma a sua pr\u00f3pria vida e a vida de outras pessoas.<\/p>\n<p>[\/et_pb_text][\/et_pb_column][et_pb_column type=&#8221;1_2&#8243; _builder_version=&#8221;4.27.5&#8243; _module_preset=&#8221;default&#8221; background_image=&#8221;https:\/\/loyola.co.za\/salvationarmy\/wp-content\/uploads\/2025\/12\/24993205_719814731556318_5317449-3.png&#8221; border_radii=&#8221;off||28px|28px|&#8221; border_radii_tablet=&#8221;off||28px|28px|&#8221; border_radii_phone=&#8221;off||0px|28px|28px&#8221; border_radii_last_edited=&#8221;on|phone&#8221; global_colors_info=&#8221;{}&#8221;][et_pb_image src=&#8221;https:\/\/loyola.co.za\/salvationarmy\/wp-content\/uploads\/2025\/12\/blank-e1695637138500.png&#8221; title_text=&#8221;blank-e1695637138500&#8243; _builder_version=&#8221;4.27.5&#8243; _module_preset=&#8221;default&#8221; height=&#8221;300px&#8221; max_height=&#8221;300px&#8221; global_colors_info=&#8221;{}&#8221;][\/et_pb_image][\/et_pb_column][\/et_pb_row][\/et_pb_section][et_pb_section fb_built=&#8221;1&#8243; _builder_version=&#8221;4.27.5&#8243; _module_preset=&#8221;default&#8221; background_color=&#8221;#ededed&#8221; custom_padding=&#8221;16px|5%|13px|5%|false|true&#8221; locked=&#8221;off&#8221; global_colors_info=&#8221;{}&#8221;][et_pb_row use_custom_gutter=&#8221;on&#8221; make_equal=&#8221;on&#8221; _builder_version=&#8221;4.27.5&#8243; _module_preset=&#8221;default&#8221; background_color=&#8221;#E02B20&#8243; width=&#8221;100%&#8221; max_width=&#8221;100%&#8221; custom_padding=&#8221;11px||9px|||&#8221; animation_style=&#8221;zoom&#8221; border_radii=&#8221;on|28px|28px|28px|28px&#8221; global_colors_info=&#8221;{}&#8221;][et_pb_column type=&#8221;4_4&#8243; _builder_version=&#8221;4.27.5&#8243; _module_preset=&#8221;default&#8221; global_colors_info=&#8221;{}&#8221;][et_pb_text _builder_version=&#8221;4.27.5&#8243; _module_preset=&#8221;default&#8221; text_font=&#8221;aptos||||||||&#8221; text_text_color=&#8221;#FFFFFF&#8221; text_font_size=&#8221;19px&#8221; header_2_font=&#8221;aptos|900|||||||&#8221; header_2_text_color=&#8221;#FFFFFF&#8221; header_2_font_size=&#8221;79px&#8221; custom_padding=&#8221;55px|10%|55px|10%|true|true&#8221; header_2_font_size_tablet=&#8221;97px&#8221; header_2_font_size_phone=&#8221;30px&#8221; header_2_font_size_last_edited=&#8221;on|phone&#8221; global_colors_info=&#8221;{}&#8221;]<\/p>\n<h2 style=\"text-align: center;\">Compartilhando o Esp\u00edrito que d\u00e1 vida de Deus por todas as gera\u00e7\u00f5es<\/h2>\n<p>[\/et_pb_text][\/et_pb_column][\/et_pb_row][\/et_pb_section]<\/p>\n","protected":false},"excerpt":{"rendered":"<p>Anos Sab\u00e1ticos e Programas Mission\u00e1riosO Ex\u00e9rcito de Salva\u00e7\u00e3o em Mo\u00e7ambique oferece Programas de Anos Sab\u00e1ticos e Miss\u00f5es, projetados para jovens que desejam fazer uma diferen\u00e7a significativa no mundo enquanto crescem espiritualmente e pessoalmente. Estes programas proporcionam aos participantes experi\u00eancia pr\u00e1tica em servi\u00e7o comunit\u00e1rio, educa\u00e7\u00e3o, assist\u00eancia humanit\u00e1ria e minist\u00e9rios da igreja. Os participantes t\u00eam a oportunidade [&hellip;]<\/p>\n","protected":false},"author":1,"featured_media":0,"parent":0,"menu_order":0,"comment_status":"closed","ping_status":"closed","template":"","meta":{"_et_pb_use_builder":"on","_et_pb_old_content":"<!-- wp:divi\/placeholder \/-->","_et_gb_content_width":"","footnotes":""},"class_list":["post-201","page","type-page","status-publish","hentry"],"_links":{"self":[{"href":"https:\/\/loyola.co.za\/salvationarmy-moz\/wp-json\/wp\/v2\/pages\/201","targetHints":{"allow":["GET"]}}],"collection":[{"href":"https:\/\/loyola.co.za\/salvationarmy-moz\/wp-json\/wp\/v2\/pages"}],"about":[{"href":"https:\/\/loyola.co.za\/salvationarmy-moz\/wp-json\/wp\/v2\/types\/page"}],"author":[{"embeddable":true,"href":"https:\/\/loyola.co.za\/salvationarmy-moz\/wp-json\/wp\/v2\/users\/1"}],"replies":[{"embeddable":true,"href":"https:\/\/loyola.co.za\/salvationarmy-moz\/wp-json\/wp\/v2\/comments?post=201"}],"version-history":[{"count":5,"href":"https:\/\/loyola.co.za\/salvationarmy-moz\/wp-json\/wp\/v2\/pages\/201\/revisions"}],"predecessor-version":[{"id":413,"href":"https:\/\/loyola.co.za\/salvationarmy-moz\/wp-json\/wp\/v2\/pages\/201\/revisions\/413"}],"wp:attachment":[{"href":"https:\/\/loyola.co.za\/salvationarmy-moz\/wp-json\/wp\/v2\/media?parent=201"}],"curies":[{"name":"wp","href":"https:\/\/api.w.org\/{rel}","templated":true}]}}