{"id":213,"date":"2025-12-18T11:42:50","date_gmt":"2025-12-18T09:42:50","guid":{"rendered":"https:\/\/loyola.co.za\/salvationarmy\/?page_id=213"},"modified":"2026-02-12T10:41:57","modified_gmt":"2026-02-12T08:41:57","slug":"sobre-nos","status":"publish","type":"page","link":"https:\/\/loyola.co.za\/salvationarmy-moz\/sobre-nos\/","title":{"rendered":"Sobre N\u00f3s"},"content":{"rendered":"<p>[et_pb_section fb_built=&#8221;1&#8243; _builder_version=&#8221;4.27.5&#8243; _module_preset=&#8221;default&#8221; background_color=&#8221;#ededed&#8221; custom_padding=&#8221;16px|5%|13px|5%|false|true&#8221; locked=&#8221;off&#8221; global_colors_info=&#8221;{}&#8221;][et_pb_row use_custom_gutter=&#8221;on&#8221; make_equal=&#8221;on&#8221; _builder_version=&#8221;4.27.5&#8243; _module_preset=&#8221;default&#8221; background_color=&#8221;RGBA(255,255,255,0)&#8221; width=&#8221;100%&#8221; max_width=&#8221;100%&#8221; custom_padding=&#8221;11px|5%|9px|5%|false|true&#8221; global_colors_info=&#8221;{}&#8221;][et_pb_column type=&#8221;4_4&#8243; _builder_version=&#8221;4.27.5&#8243; _module_preset=&#8221;default&#8221; global_colors_info=&#8221;{}&#8221;][et_pb_text _builder_version=&#8221;4.27.5&#8243; _module_preset=&#8221;default&#8221; text_font=&#8221;aptos||||||||&#8221; text_text_color=&#8221;#FFFFFF&#8221; text_font_size=&#8221;19px&#8221; header_text_color=&#8221;#E02B20&#8243; header_font_size=&#8221;42px&#8221; header_2_font=&#8221;aptos|800||on|||||&#8221; header_2_text_align=&#8221;center&#8221; header_2_text_color=&#8221;gcid-primary-color&#8221; header_2_font_size=&#8221;58px&#8221; custom_margin=&#8221;||18px|||&#8221; custom_margin_tablet=&#8221;||18px|||&#8221; custom_margin_phone=&#8221;||0px||false|false&#8221; custom_margin_last_edited=&#8221;on|phone&#8221; custom_padding=&#8221;25px||||false|true&#8221; animation_style=&#8221;slide&#8221; animation_direction=&#8221;bottom&#8221; hover_enabled=&#8221;0&#8243; header_font_size_tablet=&#8221;42px&#8221; header_font_size_phone=&#8221;36px&#8221; header_font_size_last_edited=&#8221;on|phone&#8221; header_2_font_size_tablet=&#8221;58px&#8221; header_2_font_size_phone=&#8221;38px&#8221; header_2_font_size_last_edited=&#8221;on|phone&#8221; global_colors_info=&#8221;{%22gcid-primary-color%22:%91%22header_2_text_color%22%93}&#8221; sticky_enabled=&#8221;0&#8243;]<\/p>\n<h2>Sobre N\u00f3s<\/h2>\n<p>[\/et_pb_text][\/et_pb_column][\/et_pb_row][\/et_pb_section][et_pb_section fb_built=&#8221;1&#8243; _builder_version=&#8221;4.27.5&#8243; _module_preset=&#8221;default&#8221; background_color=&#8221;#ededed&#8221; custom_padding=&#8221;16px|5%|13px|5%|false|true&#8221; locked=&#8221;off&#8221; global_colors_info=&#8221;{}&#8221;][et_pb_row use_custom_gutter=&#8221;on&#8221; make_equal=&#8221;on&#8221; _builder_version=&#8221;4.27.5&#8243; _module_preset=&#8221;default&#8221; background_color=&#8221;gcid-primary-color&#8221; width=&#8221;100%&#8221; max_width=&#8221;100%&#8221; custom_padding=&#8221;11px||9px|||&#8221; animation_style=&#8221;zoom&#8221; border_radii=&#8221;on|28px|28px|28px|28px&#8221; global_colors_info=&#8221;{%22gcid-primary-color%22:%91%22background_color%22%93}&#8221;][et_pb_column type=&#8221;4_4&#8243; _builder_version=&#8221;4.27.5&#8243; _module_preset=&#8221;default&#8221; global_colors_info=&#8221;{}&#8221;][et_pb_text _builder_version=&#8221;4.27.5&#8243; _module_preset=&#8221;default&#8221; text_font=&#8221;aptos||||||||&#8221; text_text_color=&#8221;#FFFFFF&#8221; text_font_size=&#8221;19px&#8221; header_2_font=&#8221;aptos|900|||||||&#8221; header_2_text_color=&#8221;#FFFFFF&#8221; header_2_font_size=&#8221;36px&#8221; custom_padding=&#8221;55px|10%|55px|10%|true|true&#8221; hover_enabled=&#8221;0&#8243; header_2_font_size_tablet=&#8221;97px&#8221; header_2_font_size_phone=&#8221;30px&#8221; header_2_font_size_last_edited=&#8221;on|phone&#8221; global_colors_info=&#8221;{}&#8221; sticky_enabled=&#8221;0&#8243;]<\/p>\n<h2 style=\"text-align: center;\">O Ex\u00e9rcito de Salva\u00e7\u00e3o, um movimento internacional, \u00e9 uma parte evang\u00e9lica da Igreja Crist\u00e3 universal.<br data-start=\"102\" data-end=\"105\" \/>Sua mensagem \u00e9 baseada na B\u00edblia. Seu minist\u00e9rio \u00e9 motivado pelo amor de Deus.<br data-start=\"183\" data-end=\"186\" \/>Sua miss\u00e3o \u00e9 pregar o evangelho de Jesus Cristo e atender \u00e0s necessidades humanas em seu nome, sem discrimina\u00e7\u00e3o.<\/h2>\n<p>[\/et_pb_text][\/et_pb_column][\/et_pb_row][\/et_pb_section][et_pb_section fb_built=&#8221;1&#8243; _builder_version=&#8221;4.27.5&#8243; _module_preset=&#8221;default&#8221; background_color=&#8221;#ededed&#8221; custom_padding=&#8221;16px|5%|13px|5%|false|true&#8221; locked=&#8221;off&#8221; global_colors_info=&#8221;{}&#8221;][et_pb_row column_structure=&#8221;1_2,1_2&#8243; use_custom_gutter=&#8221;on&#8221; gutter_width=&#8221;1&#8243; make_equal=&#8221;on&#8221; _builder_version=&#8221;4.27.5&#8243; _module_preset=&#8221;default&#8221; background_color=&#8221;#FFFFFF&#8221; width=&#8221;100%&#8221; max_width=&#8221;100%&#8221; custom_padding=&#8221;35px||9px||false|true&#8221; animation_style=&#8221;zoom&#8221; border_radii=&#8221;on|28px|28px|28px|28px&#8221; global_colors_info=&#8221;{}&#8221;][et_pb_column type=&#8221;1_2&#8243; _builder_version=&#8221;4.27.5&#8243; _module_preset=&#8221;default&#8221; background_enable_color=&#8221;off&#8221; custom_padding=&#8221;|3%|25px|3%|false|true&#8221; border_radii=&#8221;off||||&#8221; border_radii_tablet=&#8221;off|28px|||28px&#8221; border_radii_phone=&#8221;off|28px|||&#8221; border_radii_last_edited=&#8221;on|desktop&#8221; global_colors_info=&#8221;{}&#8221;][et_pb_text _builder_version=&#8221;4.27.5&#8243; _module_preset=&#8221;default&#8221; text_font=&#8221;aptos||||||||&#8221; text_text_color=&#8221;#FFFFFF&#8221; text_font_size=&#8221;19px&#8221; header_font_size=&#8221;42px&#8221; header_2_font=&#8221;aptos|700|||||||&#8221; header_2_text_align=&#8221;left&#8221; header_2_text_color=&#8221;#FFFFFF&#8221; header_2_font_size=&#8221;29px&#8221; custom_margin=&#8221;||18px|||&#8221; custom_padding=&#8221;8px||||false|true&#8221; hover_enabled=&#8221;0&#8243; locked=&#8221;off&#8221; global_colors_info=&#8221;{}&#8221; sticky_enabled=&#8221;0&#8243;]<\/p>\n<h2><span style=\"color: #ff0000;\">O Ex\u00e9rcito de Salva\u00e7\u00e3o em mo\u00e7ambique<\/span><\/h2>\n<p>[\/et_pb_text][et_pb_text _builder_version=&#8221;4.27.5&#8243; _module_preset=&#8221;default&#8221; text_font=&#8221;aptos||||||||&#8221; text_font_size=&#8221;16px&#8221; text_line_height=&#8221;1.4em&#8221; custom_margin=&#8221;||32px|||&#8221; hover_enabled=&#8221;0&#8243; global_colors_info=&#8221;{}&#8221; sticky_enabled=&#8221;0&#8243;]<\/p>\n<p data-start=\"101\" data-end=\"300\">A igreja Ex\u00e9rcito de Salva\u00e7\u00e3o em Mo\u00e7ambique tem as suas ra\u00edzes no final do s\u00e9culo XIX, uma \u00e9poca de coragem e vis\u00e3o mission\u00e1ria. Um grupo de pioneiros convertidos retornou da \u00c1frica do Sul em 1916.<\/p>\n<p data-start=\"302\" data-end=\"804\">Os primeiros Salvacionistas enfrentaram muitos desafios, condi\u00e7\u00f5es duras, longas dist\u00e2ncias e recursos limitados, mas continuaram com f\u00e9 e determina\u00e7\u00e3o. O seu trabalho cresceu rapidamente \u00e0 medida que pregavam o Evangelho, estabeleceram v\u00e1rios postos de prega\u00e7\u00e3o e expandiram o minist\u00e9rio da compaix\u00e3o atrav\u00e9s de escolas, evangelismo, assist\u00eancia social e outros. Como resultado, o trabalho do evangelho em Mo\u00e7ambique expandiu-se por todo o pa\u00eds, faltando apenas alcan\u00e7ar a Prov\u00edncia de Cabo Delgado.<\/p>\n<p data-start=\"806\" data-end=\"1187\">Desde o seu in\u00edcio em Mo\u00e7ambique, a igreja tinha como sede a \u00c1frica do Sul, onde funcionava a sua sede administrativa com categoria de Regi\u00e3o. O reconhecimento do trabalho pelo governo de Mo\u00e7ambique ocorreu em 1986, e o reconhecimento oficial da igreja foi em junho de 2005. A igreja \u00e9 membro do Conselho Crist\u00e3o de Mo\u00e7ambique, organiza\u00e7\u00e3o que associa as igrejas crist\u00e3s no pa\u00eds.<\/p>\n<p>[\/et_pb_text][\/et_pb_column][et_pb_column type=&#8221;1_2&#8243; _builder_version=&#8221;4.27.5&#8243; _module_preset=&#8221;default&#8221; background_color=&#8221;RGBA(255,255,255,0)&#8221; custom_padding=&#8221;|3%|25px|3%|false|true&#8221; border_radii=&#8221;off||||&#8221; border_radii_tablet=&#8221;off|28px|||28px&#8221; border_radii_phone=&#8221;off|28px|||&#8221; border_radii_last_edited=&#8221;on|desktop&#8221; global_colors_info=&#8221;{}&#8221;][et_pb_text _builder_version=&#8221;4.27.5&#8243; _module_preset=&#8221;default&#8221; text_font=&#8221;aptos||||||||&#8221; text_font_size=&#8221;16px&#8221; text_line_height=&#8221;1.4em&#8221; custom_margin=&#8221;||32px|||&#8221; global_colors_info=&#8221;{}&#8221;]<\/p>\n<p data-start=\"1189\" data-end=\"1452\">Devido ao seu crescimento territorial e de membros, Mo\u00e7ambique foi separado da \u00c1frica do Sul a 1 de mar\u00e7o de 2008, com estatuto de Comando. O n\u00edvel mais alto que um pa\u00eds pode ter \u00e9 o de Territ\u00f3rio, e Mo\u00e7ambique foi elevado a esta categoria a 1 de mar\u00e7o de 2011.<\/p>\n<p data-start=\"1454\" data-end=\"1827\">O Ex\u00e9rcito da Salva\u00e7\u00e3o em Mo\u00e7ambique continua a cumprir a sua miss\u00e3o de &#8220;pregar o evangelho de Jesus Cristo e satisfazer as necessidades humanas em Seu nome sem discrimina\u00e7\u00e3o.&#8221; O evangelho \u00e9 pregado em muitas l\u00ednguas \u2014 Portugu\u00eas, Xangana, Tsonga, Matswa, Guitonga, Sena, Chewa, Emakua, Chope, Ndau, Chuabu, Ingl\u00eas e Ronga \u2014 refletindo a diversidade das pessoas que serve.<\/p>\n<p>[\/et_pb_text][\/et_pb_column][\/et_pb_row][et_pb_row column_structure=&#8221;1_2,1_2&#8243; use_custom_gutter=&#8221;on&#8221; gutter_width=&#8221;1&#8243; make_equal=&#8221;on&#8221; _builder_version=&#8221;4.27.5&#8243; _module_preset=&#8221;default&#8221; background_color=&#8221;RGBA(255,255,255,0)&#8221; width=&#8221;100%&#8221; max_width=&#8221;100%&#8221; custom_padding=&#8221;11px||9px||false|true&#8221; animation_style=&#8221;zoom&#8221; global_colors_info=&#8221;{}&#8221;][et_pb_column type=&#8221;1_2&#8243; _builder_version=&#8221;4.27.5&#8243; _module_preset=&#8221;default&#8221; background_color=&#8221;#E02B20&#8243; custom_padding=&#8221;35px|3%|25px|3%|false|true&#8221; border_radii=&#8221;off|28px|||28px&#8221; border_radii_tablet=&#8221;off|28px|||28px&#8221; border_radii_phone=&#8221;off|28px|28px||0px&#8221; border_radii_last_edited=&#8221;on|phone&#8221; global_colors_info=&#8221;{}&#8221;][et_pb_text _builder_version=&#8221;4.27.5&#8243; _module_preset=&#8221;default&#8221; text_font=&#8221;aptos||||||||&#8221; text_text_color=&#8221;#FFFFFF&#8221; text_font_size=&#8221;16px&#8221; text_line_height=&#8221;1.4em&#8221; custom_margin=&#8221;||17px|||&#8221; hover_enabled=&#8221;0&#8243; global_colors_info=&#8221;{}&#8221; sticky_enabled=&#8221;0&#8243;]<\/p>\n<p>O Ex\u00e9rcito da Salva\u00e7\u00e3o \u00e9 conhecido localmente como:<\/p>\n<h2><em><strong><span style=\"color: #ffffff;\">IEm Portugu\u00eas: Ex\u00e9rcito de Salva\u00e7\u00e3o<\/span><\/strong><\/em><br \/><em><strong><span style=\"color: #ffffff;\">Em Xangana, Matswa, Chope, Ronga, Tsonga: Nyimpi yo ponissa<\/span><\/strong><\/em><br \/><em><strong><span style=\"color: #ffffff;\">Em Chewa: Hondo yoPulumussa. E outras formas de designa\u00e7\u00e3o lingu\u00edstica<br \/><\/span><\/strong><\/em><\/h2>\n<p>&nbsp;<\/p>\n<p>Como Territ\u00f3rio, publicamos o Zimbabwe Salvationist, um peri\u00f3dico que recolhe a<br \/>vida, o minist\u00e9rio e os testemunhos dos Salvationistas em toda a regi\u00e3o. Mais de um s\u00e9culo depois daqueles primeiros convertidos regressados da \u00c1frica do Sul, o Ex\u00e9rcito de Salva\u00e7\u00e3o continua a ser uma for\u00e7a firme para Deus e a humanidade, um movimento de f\u00e9, servi\u00e7o e transforma\u00e7\u00e3o que continua a iluminar Cristo por todo o Mo\u00e7ambique.<\/p>\n<p>[\/et_pb_text][\/et_pb_column][et_pb_column type=&#8221;1_2&#8243; _builder_version=&#8221;4.27.5&#8243; _module_preset=&#8221;default&#8221; background_image=&#8221;https:\/\/loyola.co.za\/salvationarmy\/wp-content\/uploads\/2025\/12\/Salvation_Army_Bungoma.png&#8221; border_radii=&#8221;off||28px|28px|&#8221; border_radii_tablet=&#8221;off||28px|28px|&#8221; border_radii_phone=&#8221;off||0px|28px|28px&#8221; border_radii_last_edited=&#8221;on|phone&#8221; global_colors_info=&#8221;{}&#8221;][et_pb_image src=&#8221;https:\/\/loyola.co.za\/salvationarmy\/wp-content\/uploads\/2025\/12\/blank-e1695637138500.png&#8221; title_text=&#8221;blank-e1695637138500&#8243; _builder_version=&#8221;4.27.5&#8243; _module_preset=&#8221;default&#8221; height=&#8221;300px&#8221; max_height=&#8221;300px&#8221; global_colors_info=&#8221;{}&#8221;][\/et_pb_image][\/et_pb_column][\/et_pb_row][et_pb_row column_structure=&#8221;1_2,1_2&#8243; use_custom_gutter=&#8221;on&#8221; gutter_width=&#8221;1&#8243; make_equal=&#8221;on&#8221; _builder_version=&#8221;4.27.5&#8243; _module_preset=&#8221;default&#8221; background_color=&#8221;RGBA(255,255,255,0)&#8221; width=&#8221;100%&#8221; max_width=&#8221;100%&#8221; custom_padding=&#8221;11px||9px||false|true&#8221; animation_style=&#8221;zoom&#8221; global_colors_info=&#8221;{}&#8221;][et_pb_column type=&#8221;1_2&#8243; _builder_version=&#8221;4.27.5&#8243; _module_preset=&#8221;default&#8221; background_color=&#8221;#FFFFFF&#8221; custom_padding=&#8221;35px|3%|25px|3%|false|true&#8221; border_radii=&#8221;off|28px|||28px&#8221; border_radii_tablet=&#8221;off|28px|||28px&#8221; border_radii_phone=&#8221;off|28px|28px||0px&#8221; border_radii_last_edited=&#8221;on|phone&#8221; global_colors_info=&#8221;{}&#8221;][et_pb_toggle title=&#8221;Miss\u00e3o&#8221; open_toggle_background_color=&#8221;#FFFFFF&#8221; closed_toggle_background_color=&#8221;#FFFFFF&#8221; icon_color=&#8221;#E02B20&#8243; toggle_icon=&#8221;&#xf107;||fa||900&#8243; open_toggle_icon=&#8221;&#xf106;||fa||900&#8243; _builder_version=&#8221;4.27.5&#8243; _module_preset=&#8221;default&#8221; title_text_color=&#8221;#E02B20&#8243; title_font=&#8221;aptos|700|||||||&#8221; title_font_size=&#8221;20px&#8221; body_font=&#8221;aptos||||||||&#8221; custom_margin=&#8221;||8px|||&#8221; hover_enabled=&#8221;0&#8243; border_radii=&#8221;on|12px|12px|12px|12px&#8221; border_color_all=&#8221;#E02B20&#8243; global_colors_info=&#8221;{}&#8221; sticky_enabled=&#8221;0&#8243;]<\/p>\n<p>O Ex\u00e9rcito da Salva\u00e7\u00e3o, um movimento internacional, \u00e9 uma parte evang\u00e9lica da Igreja Crist\u00e3 universal.<\/p>\n<p>1. A sua mensagem baseia-se na B\u00edblia.<\/p>\n<p>2. O seu minist\u00e9rio \u00e9 motivado pelo amor de Deus. A sua miss\u00e3o \u00e9 pregar o evangelho de Jesus Cristo e satisfazer as necessidades humanas em seu nome sem discrimina\u00e7\u00e3o.<\/p>\n<p>[\/et_pb_toggle][et_pb_toggle title=&#8221;Vis\u00e3o Esatrat\u00e9gica&#8221; open_toggle_background_color=&#8221;#FFFFFF&#8221; closed_toggle_background_color=&#8221;#FFFFFF&#8221; icon_color=&#8221;#E02B20&#8243; toggle_icon=&#8221;&#xf107;||fa||900&#8243; open_toggle_icon=&#8221;&#xf106;||fa||900&#8243; _builder_version=&#8221;4.27.5&#8243; _module_preset=&#8221;default&#8221; title_text_color=&#8221;#E02B20&#8243; title_font=&#8221;aptos|700|||||||&#8221; title_font_size=&#8221;20px&#8221; body_font=&#8221;aptos||||||||&#8221; custom_margin=&#8221;||8px|||&#8221; hover_enabled=&#8221;0&#8243; border_radii=&#8221;on|12px|12px|12px|12px&#8221; border_color_all=&#8221;#E02B20&#8243; global_colors_info=&#8221;{}&#8221; sticky_enabled=&#8221;0&#8243;]<\/p>\n<p>No final de 2029, Mo\u00e7ambique \u00e9 um Ex\u00e9rcito transformado, vibrante e a avan\u00e7ar na sua miss\u00e3o de proclamar o evangelho de Jesus Cristo e alcan\u00e7ar a transforma\u00e7\u00e3o sustent\u00e1vel das pessoas e comunidades em Mo\u00e7ambique.<\/p>\n<p>[\/et_pb_toggle][et_pb_toggle title=&#8221;Valores&#8221; open_toggle_background_color=&#8221;#FFFFFF&#8221; closed_toggle_background_color=&#8221;#FFFFFF&#8221; icon_color=&#8221;#E02B20&#8243; toggle_icon=&#8221;&#xf107;||fa||900&#8243; open_toggle_icon=&#8221;&#xf106;||fa||900&#8243; _builder_version=&#8221;4.27.5&#8243; _module_preset=&#8221;default&#8221; title_text_color=&#8221;#E02B20&#8243; title_font=&#8221;aptos|700|||||||&#8221; title_font_size=&#8221;20px&#8221; body_font=&#8221;aptos||||||||&#8221; custom_margin=&#8221;||8px|||&#8221; border_radii=&#8221;on|12px|12px|12px|12px&#8221; border_color_all=&#8221;#E02B20&#8243; global_colors_info=&#8221;{}&#8221;]<\/p>\n<p data-start=\"96\" data-end=\"183\"><strong data-start=\"96\" data-end=\"105\">Amor:<\/strong> Somos apaixonados por demonstrar incondicionalmente o amor de Deus a todos.<\/p>\n<p data-start=\"185\" data-end=\"291\"><strong data-start=\"185\" data-end=\"197\">Unidade:<\/strong> Com Deus do nosso lado, procuramos a uni\u00e3o e a harmonia, trazendo um crescimento hol\u00edstico.<\/p>\n<p data-start=\"293\" data-end=\"720\"><strong data-start=\"293\" data-end=\"315\">Responsabiliza\u00e7\u00e3o:<\/strong> Queremos ter integridade em tudo o que fazemos. Isto significa ser fi\u00e1vel, digno de confian\u00e7a, transparente e honesto nas nossas rela\u00e7\u00f5es pessoais e profissionais. Somos motivados pelo amor de Deus e unidos pelo progresso cont\u00ednuo da evangeliza\u00e7\u00e3o e do servi\u00e7o a todas as pessoas. Isto \u00e9, em \u00faltima an\u00e1lise, para a salva\u00e7\u00e3o deles e para que todos n\u00f3s sejamos respons\u00e1veis perante Deus e uns aos outros.<\/p>\n<p data-start=\"722\" data-end=\"888\"><strong data-start=\"722\" data-end=\"760\">Participa\u00e7\u00e3o (Trabalho em Equipa):<\/strong> Incentivaremos o envolvimento ativo das partes interessadas no processo de planeamento e tomada de decis\u00e3o a todos os n\u00edveis.<\/p>\n<p data-start=\"890\" data-end=\"1146\"><strong data-start=\"890\" data-end=\"903\">Inova\u00e7\u00e3o:<\/strong> Vamos adotar o pensamento fora da caixa para desenvolver solu\u00e7\u00f5es \u00fanicas para desafios complexos e adaptar-nos \u00e0 tecnologia para melhor qualidade e efici\u00eancia, impulsionando melhores formas de servir colaboradores, clientes e a organiza\u00e7\u00e3o.<\/p>\n<p data-start=\"1148\" data-end=\"1306\"><strong data-start=\"1148\" data-end=\"1169\">Profissionalismo:<\/strong> Procuraremos qualidade em tudo e manteremos atitudes que demonstrem compet\u00eancia, integridade e respeito no nosso trabalho e nomea\u00e7\u00f5es.<\/p>\n<p data-start=\"1308\" data-end=\"1445\"><strong data-start=\"1308\" data-end=\"1323\">Relev\u00e2ncia:<\/strong> Garantiremos que a nossa programa\u00e7\u00e3o, atividades e processos respondam \u00e0 vida e aos desafios das pessoas em Mo\u00e7ambique.<\/p>\n<p>[\/et_pb_toggle][\/et_pb_column][et_pb_column type=&#8221;1_2&#8243; _builder_version=&#8221;4.27.5&#8243; _module_preset=&#8221;default&#8221; background_image=&#8221;https:\/\/loyola.co.za\/salvationarmy\/wp-content\/uploads\/2025\/12\/Thumbnails-2-38.png.png&#8221; border_radii=&#8221;off||28px|28px|&#8221; border_radii_tablet=&#8221;off||28px|28px|&#8221; border_radii_phone=&#8221;off||0px|28px|28px&#8221; border_radii_last_edited=&#8221;on|phone&#8221; global_colors_info=&#8221;{}&#8221;][et_pb_image src=&#8221;https:\/\/loyola.co.za\/salvationarmy\/wp-content\/uploads\/2025\/12\/blank-e1695637138500.png&#8221; title_text=&#8221;blank-e1695637138500&#8243; _builder_version=&#8221;4.27.5&#8243; _module_preset=&#8221;default&#8221; height=&#8221;300px&#8221; max_height=&#8221;300px&#8221; global_colors_info=&#8221;{}&#8221;][\/et_pb_image][\/et_pb_column][\/et_pb_row][\/et_pb_section][et_pb_section fb_built=&#8221;1&#8243; _builder_version=&#8221;4.27.5&#8243; _module_preset=&#8221;default&#8221; background_color=&#8221;#ededed&#8221; custom_padding=&#8221;16px|5%|13px|5%|false|true&#8221; locked=&#8221;off&#8221; global_colors_info=&#8221;{}&#8221;][et_pb_row use_custom_gutter=&#8221;on&#8221; make_equal=&#8221;on&#8221; _builder_version=&#8221;4.27.5&#8243; _module_preset=&#8221;default&#8221; background_color=&#8221;#E02B20&#8243; width=&#8221;100%&#8221; max_width=&#8221;100%&#8221; custom_padding=&#8221;11px||9px|||&#8221; animation_style=&#8221;zoom&#8221; border_radii=&#8221;on|28px|28px|28px|28px&#8221; global_colors_info=&#8221;{}&#8221;][et_pb_column type=&#8221;4_4&#8243; _builder_version=&#8221;4.27.5&#8243; _module_preset=&#8221;default&#8221; global_colors_info=&#8221;{}&#8221;][et_pb_text _builder_version=&#8221;4.27.5&#8243; _module_preset=&#8221;default&#8221; text_font=&#8221;aptos||||||||&#8221; text_text_color=&#8221;#FFFFFF&#8221; text_font_size=&#8221;19px&#8221; header_2_font=&#8221;aptos|900|||||||&#8221; header_2_text_color=&#8221;#FFFFFF&#8221; header_2_font_size=&#8221;79px&#8221; custom_padding=&#8221;55px|10%|55px|10%|true|true&#8221; header_2_font_size_tablet=&#8221;97px&#8221; header_2_font_size_phone=&#8221;30px&#8221; header_2_font_size_last_edited=&#8221;on|phone&#8221; global_colors_info=&#8221;{}&#8221;]<\/p>\n<h2 style=\"text-align: center;\">Sharing the Life-giving Spirit of God across all generation<\/h2>\n<p>[\/et_pb_text][\/et_pb_column][\/et_pb_row][\/et_pb_section]<\/p>\n","protected":false},"excerpt":{"rendered":"<p>Sobre N\u00f3sO Ex\u00e9rcito de Salva\u00e7\u00e3o, um movimento internacional, \u00e9 uma parte evang\u00e9lica da Igreja Crist\u00e3 universal.Sua mensagem \u00e9 baseada na B\u00edblia. Seu minist\u00e9rio \u00e9 motivado pelo amor de Deus.Sua miss\u00e3o \u00e9 pregar o evangelho de Jesus Cristo e atender \u00e0s necessidades humanas em seu nome, sem discrimina\u00e7\u00e3o.O Ex\u00e9rcito de Salva\u00e7\u00e3o em mo\u00e7ambiqueA igreja Ex\u00e9rcito de [&hellip;]<\/p>\n","protected":false},"author":1,"featured_media":0,"parent":0,"menu_order":0,"comment_status":"closed","ping_status":"closed","template":"","meta":{"_et_pb_use_builder":"on","_et_pb_old_content":"<!-- wp:divi\/placeholder \/-->","_et_gb_content_width":"","footnotes":""},"class_list":["post-213","page","type-page","status-publish","hentry"],"_links":{"self":[{"href":"https:\/\/loyola.co.za\/salvationarmy-moz\/wp-json\/wp\/v2\/pages\/213","targetHints":{"allow":["GET"]}}],"collection":[{"href":"https:\/\/loyola.co.za\/salvationarmy-moz\/wp-json\/wp\/v2\/pages"}],"about":[{"href":"https:\/\/loyola.co.za\/salvationarmy-moz\/wp-json\/wp\/v2\/types\/page"}],"author":[{"embeddable":true,"href":"https:\/\/loyola.co.za\/salvationarmy-moz\/wp-json\/wp\/v2\/users\/1"}],"replies":[{"embeddable":true,"href":"https:\/\/loyola.co.za\/salvationarmy-moz\/wp-json\/wp\/v2\/comments?post=213"}],"version-history":[{"count":9,"href":"https:\/\/loyola.co.za\/salvationarmy-moz\/wp-json\/wp\/v2\/pages\/213\/revisions"}],"predecessor-version":[{"id":383,"href":"https:\/\/loyola.co.za\/salvationarmy-moz\/wp-json\/wp\/v2\/pages\/213\/revisions\/383"}],"wp:attachment":[{"href":"https:\/\/loyola.co.za\/salvationarmy-moz\/wp-json\/wp\/v2\/media?parent=213"}],"curies":[{"name":"wp","href":"https:\/\/api.w.org\/{rel}","templated":true}]}}